{"id":81,"date":"2017-07-25T12:59:49","date_gmt":"2017-07-25T12:59:49","guid":{"rendered":"https:\/\/victorthemes.com\/themes\/riffel\/?page_id=81"},"modified":"2025-11-26T22:42:54","modified_gmt":"2025-11-26T21:42:54","slug":"a-propos","status":"publish","type":"page","link":"https:\/\/frographix.fr\/?page_id=81","title":{"rendered":"\u00c0 propos"},"content":{"rendered":"<div class=\"wpb-content-wrapper\"><p>[vc_row full_width=\u00a0\u00bbstretch_row_content_no_spaces\u00a0\u00bb overlay_dotted=\u00a0\u00bb\u00a0\u00bb][vc_column]<div class=\"rifl-about-me  about-me-69e3839fd12b1 cus\"><div class=\"container\"><div class=\"my-wrap\"><div class=\"vertical-scroll\"><div class=\"rifl-table-container\"><div class=\"rifl-align-container\"><h5 class=\"my-subtitle\">MOI, C'EST FRO<\/h5><h1 class=\"my-title\">CHARG\u00c9E\u200e \u200e \u200e \u200e\u200e \u200e\u200e \u200e \u200e \u200e \u200e \u200e \u200e \u200e  \u200e  \u200e \u200e \u200e DE COMM'<\/h1><div class=\"my-description\">J'ai toujours aim\u00e9 cr\u00e9er, alors j'en ai fait mon m\u00e9tier !<\/div><p>4 ans d&rsquo;\u00e9tudes, 5 ans d&rsquo;exp\u00e9rience, et des projets plein la t\u00eate !<br \/>\nMon objectif de vie est de pouvoir vivre d&rsquo;un m\u00e9tier qui me passionne, qui a du sens. Et c&rsquo;est exactement ce que j&rsquo;ai pu trouver en d\u00e9couvrant la communication.<\/p>\n<p>J&rsquo;ai notamment \u00e0 c\u0153ur d&rsquo;aider les petites entreprises locales alsaciennes. Il n&rsquo;est pas donn\u00e9 \u00e0 tout le monde d&rsquo;avoir des milliers d&rsquo;euros pour avoir une communication. Mon r\u00f4le est de montrer que malgr\u00e9 tout, il est possible de faire rayonner son entreprise en ligne et dans la rue !<\/p>\n<\/div><\/div><\/div><\/div><\/div><\/div>[\/vc_column][\/vc_row]<\/p>\n<\/div>","protected":false},"excerpt":{"rendered":"[vc_row full_width=\u00a0\u00bbstretch_row_content_no_spaces\u00a0\u00bb overlay_dotted=\u00a0\u00bb\u00a0\u00bb][vc_column][\/vc_column][\/vc_row]","protected":false},"author":1,"featured_media":0,"parent":0,"menu_order":0,"comment_status":"closed","ping_status":"closed","template":"","meta":{"footnotes":""},"class_list":["post-81","page","type-page","status-publish","hentry"],"_links":{"self":[{"href":"https:\/\/frographix.fr\/index.php?rest_route=\/wp\/v2\/pages\/81","targetHints":{"allow":["GET"]}}],"collection":[{"href":"https:\/\/frographix.fr\/index.php?rest_route=\/wp\/v2\/pages"}],"about":[{"href":"https:\/\/frographix.fr\/index.php?rest_route=\/wp\/v2\/types\/page"}],"author":[{"embeddable":true,"href":"https:\/\/frographix.fr\/index.php?rest_route=\/wp\/v2\/users\/1"}],"replies":[{"embeddable":true,"href":"https:\/\/frographix.fr\/index.php?rest_route=%2Fwp%2Fv2%2Fcomments&post=81"}],"version-history":[{"count":2,"href":"https:\/\/frographix.fr\/index.php?rest_route=\/wp\/v2\/pages\/81\/revisions"}],"predecessor-version":[{"id":1578,"href":"https:\/\/frographix.fr\/index.php?rest_route=\/wp\/v2\/pages\/81\/revisions\/1578"}],"wp:attachment":[{"href":"https:\/\/frographix.fr\/index.php?rest_route=%2Fwp%2Fv2%2Fmedia&parent=81"}],"curies":[{"name":"wp","href":"https:\/\/api.w.org\/{rel}","templated":true}]}}